{"id":859,"date":"2022-05-24T17:47:18","date_gmt":"2022-05-24T23:47:18","guid":{"rendered":"https:\/\/alas.org.gt\/donacion-fallida\/"},"modified":"2022-05-24T17:47:18","modified_gmt":"2022-05-24T23:47:18","slug":"donacion-fallida","status":"publish","type":"page","link":"https:\/\/alas.org.gt\/en\/donacion-fallida\/","title":{"rendered":"Donaci\u00f3n fallida"},"content":{"rendered":"<p>Lo sentimos, tu donaci\u00f3n ha fallado al procesarse. Por favor, int\u00e9ntalo de nuevo o contacta con el soporte del sitio.<\/p>","protected":false},"excerpt":{"rendered":"<p>Lo sentimos, tu donaci\u00f3n ha fallado al procesarse. Por favor, int\u00e9ntalo de nuevo o contacta con el soporte del sitio.<\/p>","protected":false},"author":1,"featured_media":0,"parent":0,"menu_order":0,"comment_status":"closed","ping_status":"closed","template":"","meta":{"_joinchat":[],"footnotes":""},"class_list":["post-859","page","type-page","status-publish","hentry"],"jetpack_sharing_enabled":true,"_links":{"self":[{"href":"https:\/\/alas.org.gt\/en\/wp-json\/wp\/v2\/pages\/859","targetHints":{"allow":["GET"]}}],"collection":[{"href":"https:\/\/alas.org.gt\/en\/wp-json\/wp\/v2\/pages"}],"about":[{"href":"https:\/\/alas.org.gt\/en\/wp-json\/wp\/v2\/types\/page"}],"author":[{"embeddable":true,"href":"https:\/\/alas.org.gt\/en\/wp-json\/wp\/v2\/users\/1"}],"replies":[{"embeddable":true,"href":"https:\/\/alas.org.gt\/en\/wp-json\/wp\/v2\/comments?post=859"}],"version-history":[{"count":0,"href":"https:\/\/alas.org.gt\/en\/wp-json\/wp\/v2\/pages\/859\/revisions"}],"wp:attachment":[{"href":"https:\/\/alas.org.gt\/en\/wp-json\/wp\/v2\/media?parent=859"}],"curies":[{"name":"wp","href":"https:\/\/api.w.org\/{rel}","templated":true}]}}